{"id":717,"date":"2021-11-02T17:15:55","date_gmt":"2021-11-02T16:15:55","guid":{"rendered":"https:\/\/julia-guenther.com\/seminars\/"},"modified":"2025-01-28T13:52:40","modified_gmt":"2025-01-28T12:52:40","slug":"supervision-and-coaching","status":"publish","type":"page","link":"https:\/\/julia-trilety.com\/en\/supervision-and-coaching\/","title":{"rendered":"Supervision and Coaching"},"content":{"rendered":"\t\t<div data-elementor-type=\"wp-page\" data-elementor-id=\"717\" class=\"elementor elementor-717 elementor-614\" data-elementor-post-type=\"page\">\n\t\t\t\t<div class=\"elementor-element elementor-element-1d86e92 e-flex e-con-boxed e-con e-parent\" data-id=\"1d86e92\" data-element_type=\"container\">\n\t\t\t\t\t<div class=\"e-con-inner\">\n\t\t\t\t<div class=\"elementor-element elementor-element-15fa337 elementor-widget__width-inherit elementor-widget elementor-widget-heading\" data-id=\"15fa337\" data-element_type=\"widget\" data-widget_type=\"heading.default\">\n\t\t\t\t<div class=\"elementor-widget-container\">\n\t\t\t\t\t<h1 class=\"elementor-heading-title elementor-size-default\">Supervision and Coaching <\/h1>\t\t\t\t<\/div>\n\t\t\t\t<\/div>\n\t\t\t\t<div class=\"elementor-element elementor-element-98c43ea elementor-widget__width-initial elementor-widget-mobile__width-inherit elementor-widget elementor-widget-text-editor\" data-id=\"98c43ea\" data-element_type=\"widget\" data-widget_type=\"text-editor.default\">\n\t\t\t\t<div class=\"elementor-widget-container\">\n\t\t\t\t\t\t\t\t\t<p>I offer supervision and coaching for individuals, groups and teams of organisations, associations and institutions in the fields of health care, development policy and cooperation, (queer-) feminism, humanitarian aid, asylum and migration, social work and education, animal, environmental and climate protection, academia, art and culture.<\/p>\t\t\t\t\t\t\t\t<\/div>\n\t\t\t\t<\/div>\n\t\t\t\t\t<\/div>\n\t\t\t\t<\/div>\n\t\t<div class=\"elementor-element elementor-element-32b1ad1 e-flex e-con-boxed e-con e-parent\" data-id=\"32b1ad1\" data-element_type=\"container\">\n\t\t\t\t\t<div class=\"e-con-inner\">\n\t\t\t\t<div class=\"elementor-element elementor-element-4c9e126 elementor-widget__width-inherit elementor-widget elementor-widget-heading\" data-id=\"4c9e126\" data-element_type=\"widget\" data-widget_type=\"heading.default\">\n\t\t\t\t<div class=\"elementor-widget-container\">\n\t\t\t\t\t<h3 class=\"elementor-heading-title elementor-size-default\">Costs<\/h3>\t\t\t\t<\/div>\n\t\t\t\t<\/div>\n\t\t<div class=\"elementor-element elementor-element-a94368f e-con-full e-flex e-con e-child\" data-id=\"a94368f\" data-element_type=\"container\">\n\t\t\t\t<div class=\"elementor-element elementor-element-825971d elementor-widget elementor-widget-heading\" data-id=\"825971d\" data-element_type=\"widget\" data-widget_type=\"heading.default\">\n\t\t\t\t<div class=\"elementor-widget-container\">\n\t\t\t\t\t<h3 class=\"elementor-heading-title elementor-size-default\">Team and group supervision<\/h3>\t\t\t\t<\/div>\n\t\t\t\t<\/div>\n\t\t\t\t<div class=\"elementor-element elementor-element-51530b0 elementor-widget elementor-widget-text-editor\" data-id=\"51530b0\" data-element_type=\"widget\" data-widget_type=\"text-editor.default\">\n\t\t\t\t<div class=\"elementor-widget-container\">\n\t\t\t\t\t\t\t\t\t<p>Daily rate (8 hrs., incl. breaks)<\/p><p>Non-profit: 1600,- net (plus 20% VAT)<\/p><p>Profit: 2200,- net (plus 20% VAT)<\/p><p>Hourly rate (45 minutes)<\/p><p>Non-profit: 180,- net (plus 20% VAT)<\/p><p>Profit: 200,- net (plus 20% VAT)<\/p>\t\t\t\t\t\t\t\t<\/div>\n\t\t\t\t<\/div>\n\t\t\t\t<\/div>\n\t\t<div class=\"elementor-element elementor-element-a411d62 e-con-full e-flex e-con e-child\" data-id=\"a411d62\" data-element_type=\"container\">\n\t\t\t\t<div class=\"elementor-element elementor-element-c7b03d6 elementor-widget elementor-widget-heading\" data-id=\"c7b03d6\" data-element_type=\"widget\" data-widget_type=\"heading.default\">\n\t\t\t\t<div class=\"elementor-widget-container\">\n\t\t\t\t\t<h3 class=\"elementor-heading-title elementor-size-default\">Individual supervision and coaching<\/h3>\t\t\t\t<\/div>\n\t\t\t\t<\/div>\n\t\t\t\t<div class=\"elementor-element elementor-element-811b8a5 elementor-widget elementor-widget-text-editor\" data-id=\"811b8a5\" data-element_type=\"widget\" data-widget_type=\"text-editor.default\">\n\t\t\t\t<div class=\"elementor-widget-container\">\n\t\t\t\t\t\t\t\t\t<p>Hourly rate (45 minutes)<\/p><p>Paid by employer: 200,- net (plus 20% VAT)<\/p><p>Privately financed: 120,- net (plus 20% VAT)<\/p>\t\t\t\t\t\t\t\t<\/div>\n\t\t\t\t<\/div>\n\t\t\t\t<\/div>\n\t\t\t\t\t<\/div>\n\t\t\t\t<\/div>\n\t\t<div class=\"elementor-element elementor-element-e6f38e3 e-flex e-con-boxed e-con e-parent\" data-id=\"e6f38e3\" data-element_type=\"container\">\n\t\t\t\t\t<div class=\"e-con-inner\">\n\t\t<div class=\"elementor-element elementor-element-e343609 e-con-full e-flex e-con e-child\" data-id=\"e343609\" data-element_type=\"container\">\n\t\t\t\t<div class=\"elementor-element elementor-element-96aba92 elementor-widget elementor-widget-heading\" data-id=\"96aba92\" data-element_type=\"widget\" data-widget_type=\"heading.default\">\n\t\t\t\t<div class=\"elementor-widget-container\">\n\t\t\t\t\t<h2 class=\"elementor-heading-title elementor-size-default\">How to get there<\/h2>\t\t\t\t<\/div>\n\t\t\t\t<\/div>\n\t\t\t\t<div class=\"elementor-element elementor-element-2128cb4 elementor-widget elementor-widget-text-editor\" data-id=\"2128cb4\" data-element_type=\"widget\" data-widget_type=\"text-editor.default\">\n\t\t\t\t<div class=\"elementor-widget-container\">\n\t\t\t\t\t\t\t\t\t<p>U1 \/ U2 \/ U4 \/ WLB \/ 62 \/ 1 \/ 59A \/ 13A<\/p>\t\t\t\t\t\t\t\t<\/div>\n\t\t\t\t<\/div>\n\t\t\t\t<div class=\"elementor-element elementor-element-3c09345 elementor-widget elementor-widget-html\" data-id=\"3c09345\" data-element_type=\"widget\" data-widget_type=\"html.default\">\n\t\t\t\t<div class=\"elementor-widget-container\">\n\t\t\t\t\t[iak] \t\t\t\t<\/div>\n\t\t\t\t<\/div>\n\t\t\t\t<div class=\"elementor-element elementor-element-bc79755 elementor-widget elementor-widget-text-editor\" data-id=\"bc79755\" data-element_type=\"widget\" data-widget_type=\"text-editor.default\">\n\t\t\t\t<div class=\"elementor-widget-container\">\n\t\t\t\t\t\t\t\t\t<p><a href=\"https:\/\/dr-dsgvo.de\" target=\"_blank\" rel=\"noopener\"><span class=\"HwtZe\" lang=\"en\"><span class=\"jCAhz ChMk0b\"><span class=\"ryNqvb\">Interactive and GDPR-compliant map by<\/span><\/span><\/span> Dr. DSGVO<\/a><\/p>\t\t\t\t\t\t\t\t<\/div>\n\t\t\t\t<\/div>\n\t\t\t\t<div class=\"elementor-element elementor-element-a633d26 elementor-widget elementor-widget-button\" data-id=\"a633d26\" data-element_type=\"widget\" data-widget_type=\"button.default\">\n\t\t\t\t<div class=\"elementor-widget-container\">\n\t\t\t\t\t\t\t\t\t<div class=\"elementor-button-wrapper\">\n\t\t\t\t\t<a class=\"elementor-button elementor-button-link elementor-size-sm\" href=\"https:\/\/www.google.com\/maps\/dir\/\/Schleifm%C3%BChlgasse+15%2F4+1040+Wien\/@48.1974406,16.3648556,15z\/data=!4m8!4m7!1m0!1m5!1m1!1s0x476d0784757a4005:0x4f32485b62772c76!2m2!1d16.3648556!2d48.1974406\" target=\"_blank\">\n\t\t\t\t\t\t<span class=\"elementor-button-content-wrapper\">\n\t\t\t\t\t\t\t\t\t<span class=\"elementor-button-text\">Plan route with Google Maps<\/span>\n\t\t\t\t\t<\/span>\n\t\t\t\t\t<\/a>\n\t\t\t\t<\/div>\n\t\t\t\t\t\t\t\t<\/div>\n\t\t\t\t<\/div>\n\t\t\t\t<\/div>\n\t\t\t\t\t<\/div>\n\t\t\t\t<\/div>\n\t\t\t\t<\/div>\n\t\t","protected":false},"excerpt":{"rendered":"<p>Supervision and Coaching I offer supervision and coaching for individuals, groups and teams of organisations, associations and institutions in the fields of health care, development policy and cooperation, (queer-) feminism, humanitarian aid, asylum and migration, social work and education, animal, environmental and climate protection, academia, art and culture. Costs Team and group supervision Daily rate &#8230; <a title=\"Supervision and Coaching\" class=\"read-more\" href=\"https:\/\/julia-trilety.com\/en\/supervision-and-coaching\/\" aria-label=\"Read more about Supervision and Coaching\">Read more<\/a><\/p>\n","protected":false},"author":1,"featured_media":0,"parent":0,"menu_order":0,"comment_status":"closed","ping_status":"closed","template":"","meta":{"footnotes":""},"class_list":["post-717","page","type-page","status-publish"],"yoast_head":"<!-- This site is optimized with the Yoast SEO plugin v26.6 - https:\/\/yoast.com\/wordpress\/plugins\/seo\/ -->\n<title>Supervision and Coaching - Julia Trilety<\/title>\n<meta name=\"robots\" content=\"index, follow, max-snippet:-1, max-image-preview:large, max-video-preview:-1\" \/>\n<link rel=\"canonical\" href=\"https:\/\/julia-trilety.com\/supervision-und-coaching\/\" \/>\n<meta property=\"og:locale\" content=\"en_US\" \/>\n<meta property=\"og:type\" content=\"article\" \/>\n<meta property=\"og:title\" content=\"Supervision and Coaching - Julia Trilety\" \/>\n<meta property=\"og:description\" content=\"Supervision and Coaching I offer supervision and coaching for individuals, groups and teams of organisations, associations and institutions in the fields of health care, development policy and cooperation, (queer-) feminism, humanitarian aid, asylum and migration, social work and education, animal, environmental and climate protection, academia, art and culture. Costs Team and group supervision Daily rate ... Read more\" \/>\n<meta property=\"og:url\" content=\"https:\/\/julia-trilety.com\/supervision-und-coaching\/\" \/>\n<meta property=\"og:site_name\" content=\"Julia Trilety\" \/>\n<meta property=\"article:modified_time\" content=\"2025-01-28T12:52:40+00:00\" \/>\n<meta name=\"twitter:card\" content=\"summary_large_image\" \/>\n<meta name=\"twitter:label1\" content=\"Est. reading time\" \/>\n\t<meta name=\"twitter:data1\" content=\"1 minute\" \/>\n<script type=\"application\/ld+json\" class=\"yoast-schema-graph\">{\"@context\":\"https:\/\/schema.org\",\"@graph\":[{\"@type\":\"WebPage\",\"@id\":\"https:\/\/julia-trilety.com\/supervision-und-coaching\/\",\"url\":\"https:\/\/julia-trilety.com\/supervision-und-coaching\/\",\"name\":\"Supervision and Coaching - Julia Trilety\",\"isPartOf\":{\"@id\":\"https:\/\/julia-trilety.com\/#website\"},\"datePublished\":\"2021-11-02T16:15:55+00:00\",\"dateModified\":\"2025-01-28T12:52:40+00:00\",\"breadcrumb\":{\"@id\":\"https:\/\/julia-trilety.com\/supervision-und-coaching\/#breadcrumb\"},\"inLanguage\":\"en-US\",\"potentialAction\":[{\"@type\":\"ReadAction\",\"target\":[\"https:\/\/julia-trilety.com\/supervision-und-coaching\/\"]}]},{\"@type\":\"BreadcrumbList\",\"@id\":\"https:\/\/julia-trilety.com\/supervision-und-coaching\/#breadcrumb\",\"itemListElement\":[{\"@type\":\"ListItem\",\"position\":1,\"name\":\"Startseite\",\"item\":\"https:\/\/julia-trilety.com\/\"},{\"@type\":\"ListItem\",\"position\":2,\"name\":\"Supervision and Coaching\"}]},{\"@type\":\"WebSite\",\"@id\":\"https:\/\/julia-trilety.com\/#website\",\"url\":\"https:\/\/julia-trilety.com\/\",\"name\":\"Julia G\u00fcnther\",\"description\":\"Psychotherapie - Existenzanalyse\",\"publisher\":{\"@id\":\"https:\/\/julia-trilety.com\/#\/schema\/person\/03f7519acd7029ed8f60fa7cef526b03\"},\"potentialAction\":[{\"@type\":\"SearchAction\",\"target\":{\"@type\":\"EntryPoint\",\"urlTemplate\":\"https:\/\/julia-trilety.com\/?s={search_term_string}\"},\"query-input\":{\"@type\":\"PropertyValueSpecification\",\"valueRequired\":true,\"valueName\":\"search_term_string\"}}],\"inLanguage\":\"en-US\"},{\"@type\":[\"Person\",\"Organization\"],\"@id\":\"https:\/\/julia-trilety.com\/#\/schema\/person\/03f7519acd7029ed8f60fa7cef526b03\",\"name\":\"Julia G\u00fcnther\",\"image\":{\"@type\":\"ImageObject\",\"inLanguage\":\"en-US\",\"@id\":\"https:\/\/julia-trilety.com\/#\/schema\/person\/image\/\",\"url\":\"https:\/\/julia-trilety.com\/wp-content\/uploads\/2020\/02\/Julia-Trilety-Logo.png\",\"contentUrl\":\"https:\/\/julia-trilety.com\/wp-content\/uploads\/2020\/02\/Julia-Trilety-Logo.png\",\"width\":440,\"height\":192,\"caption\":\"Julia G\u00fcnther\"},\"logo\":{\"@id\":\"https:\/\/julia-trilety.com\/#\/schema\/person\/image\/\"},\"description\":\"Aus-, Fort- und Weiterbildungen: Psychotherapeutisches Fachspezifikum Existenzanalyse GLE \u00d6sterreich Fortbildungen in Sexualit\u00e4t aus existenzanalytischer Perspektive In Weiterbildung zur Psychotrauma-Therapeutin (nach L. Tutsch, L. Redemann, PITT) In Fortbildung Alterspsychotherapie (\u00d6VIP, AVM, IAAG Marburg) Psychotherapeutisches Prop\u00e4deutikum ARGE Bildungsmanagement Studium der Soziologie Mitgliedschaften: Gesellschaft f\u00fcr Logotherapie und Existenzanalyse (GLE) \u00d6sterreichischer Bundesverband f\u00fcr Psychotherapie (\u00d6BVP) Federation Existential Therapy Europe (FETE)\"}]}<\/script>\n<!-- \/ Yoast SEO plugin. -->","yoast_head_json":{"title":"Supervision and Coaching - Julia Trilety","robots":{"index":"index","follow":"follow","max-snippet":"max-snippet:-1","max-image-preview":"max-image-preview:large","max-video-preview":"max-video-preview:-1"},"canonical":"https:\/\/julia-trilety.com\/supervision-und-coaching\/","og_locale":"en_US","og_type":"article","og_title":"Supervision and Coaching - Julia Trilety","og_description":"Supervision and Coaching I offer supervision and coaching for individuals, groups and teams of organisations, associations and institutions in the fields of health care, development policy and cooperation, (queer-) feminism, humanitarian aid, asylum and migration, social work and education, animal, environmental and climate protection, academia, art and culture. Costs Team and group supervision Daily rate ... Read more","og_url":"https:\/\/julia-trilety.com\/supervision-und-coaching\/","og_site_name":"Julia Trilety","article_modified_time":"2025-01-28T12:52:40+00:00","twitter_card":"summary_large_image","twitter_misc":{"Est. reading time":"1 minute"},"schema":{"@context":"https:\/\/schema.org","@graph":[{"@type":"WebPage","@id":"https:\/\/julia-trilety.com\/supervision-und-coaching\/","url":"https:\/\/julia-trilety.com\/supervision-und-coaching\/","name":"Supervision and Coaching - Julia Trilety","isPartOf":{"@id":"https:\/\/julia-trilety.com\/#website"},"datePublished":"2021-11-02T16:15:55+00:00","dateModified":"2025-01-28T12:52:40+00:00","breadcrumb":{"@id":"https:\/\/julia-trilety.com\/supervision-und-coaching\/#breadcrumb"},"inLanguage":"en-US","potentialAction":[{"@type":"ReadAction","target":["https:\/\/julia-trilety.com\/supervision-und-coaching\/"]}]},{"@type":"BreadcrumbList","@id":"https:\/\/julia-trilety.com\/supervision-und-coaching\/#breadcrumb","itemListElement":[{"@type":"ListItem","position":1,"name":"Startseite","item":"https:\/\/julia-trilety.com\/"},{"@type":"ListItem","position":2,"name":"Supervision and Coaching"}]},{"@type":"WebSite","@id":"https:\/\/julia-trilety.com\/#website","url":"https:\/\/julia-trilety.com\/","name":"Julia G\u00fcnther","description":"Psychotherapie - Existenzanalyse","publisher":{"@id":"https:\/\/julia-trilety.com\/#\/schema\/person\/03f7519acd7029ed8f60fa7cef526b03"},"potentialAction":[{"@type":"SearchAction","target":{"@type":"EntryPoint","urlTemplate":"https:\/\/julia-trilety.com\/?s={search_term_string}"},"query-input":{"@type":"PropertyValueSpecification","valueRequired":true,"valueName":"search_term_string"}}],"inLanguage":"en-US"},{"@type":["Person","Organization"],"@id":"https:\/\/julia-trilety.com\/#\/schema\/person\/03f7519acd7029ed8f60fa7cef526b03","name":"Julia G\u00fcnther","image":{"@type":"ImageObject","inLanguage":"en-US","@id":"https:\/\/julia-trilety.com\/#\/schema\/person\/image\/","url":"https:\/\/julia-trilety.com\/wp-content\/uploads\/2020\/02\/Julia-Trilety-Logo.png","contentUrl":"https:\/\/julia-trilety.com\/wp-content\/uploads\/2020\/02\/Julia-Trilety-Logo.png","width":440,"height":192,"caption":"Julia G\u00fcnther"},"logo":{"@id":"https:\/\/julia-trilety.com\/#\/schema\/person\/image\/"},"description":"Aus-, Fort- und Weiterbildungen: Psychotherapeutisches Fachspezifikum Existenzanalyse GLE \u00d6sterreich Fortbildungen in Sexualit\u00e4t aus existenzanalytischer Perspektive In Weiterbildung zur Psychotrauma-Therapeutin (nach L. Tutsch, L. Redemann, PITT) In Fortbildung Alterspsychotherapie (\u00d6VIP, AVM, IAAG Marburg) Psychotherapeutisches Prop\u00e4deutikum ARGE Bildungsmanagement Studium der Soziologie Mitgliedschaften: Gesellschaft f\u00fcr Logotherapie und Existenzanalyse (GLE) \u00d6sterreichischer Bundesverband f\u00fcr Psychotherapie (\u00d6BVP) Federation Existential Therapy Europe (FETE)"}]}},"_links":{"self":[{"href":"https:\/\/julia-trilety.com\/en\/wp-json\/wp\/v2\/pages\/717","targetHints":{"allow":["GET"]}}],"collection":[{"href":"https:\/\/julia-trilety.com\/en\/wp-json\/wp\/v2\/pages"}],"about":[{"href":"https:\/\/julia-trilety.com\/en\/wp-json\/wp\/v2\/types\/page"}],"author":[{"embeddable":true,"href":"https:\/\/julia-trilety.com\/en\/wp-json\/wp\/v2\/users\/1"}],"replies":[{"embeddable":true,"href":"https:\/\/julia-trilety.com\/en\/wp-json\/wp\/v2\/comments?post=717"}],"version-history":[{"count":30,"href":"https:\/\/julia-trilety.com\/en\/wp-json\/wp\/v2\/pages\/717\/revisions"}],"predecessor-version":[{"id":1251,"href":"https:\/\/julia-trilety.com\/en\/wp-json\/wp\/v2\/pages\/717\/revisions\/1251"}],"wp:attachment":[{"href":"https:\/\/julia-trilety.com\/en\/wp-json\/wp\/v2\/media?parent=717"}],"curies":[{"name":"wp","href":"https:\/\/api.w.org\/{rel}","templated":true}]}}