{"id":259,"date":"2019-10-29T19:07:17","date_gmt":"2019-10-29T18:07:17","guid":{"rendered":"http:\/\/julia.demo.steter.com\/emergency-numbers\/"},"modified":"2025-07-11T12:01:43","modified_gmt":"2025-07-11T10:01:43","slug":"emergency-numbers","status":"publish","type":"page","link":"https:\/\/julia-trilety.com\/en\/emergency-numbers\/","title":{"rendered":"Emergency Numbers"},"content":{"rendered":"\t\t<div data-elementor-type=\"wp-post\" data-elementor-id=\"259\" class=\"elementor elementor-259 elementor-120\" data-elementor-post-type=\"page\">\n\t\t\t\t<div class=\"elementor-element elementor-element-53a1fd7 e-flex e-con-boxed e-con e-parent\" data-id=\"53a1fd7\" data-element_type=\"container\">\n\t\t\t\t\t<div class=\"e-con-inner\">\n\t\t\t\t<div class=\"elementor-element elementor-element-f0aec16 elementor-widget elementor-widget-heading\" data-id=\"f0aec16\" data-element_type=\"widget\" data-widget_type=\"heading.default\">\n\t\t\t\t<div class=\"elementor-widget-container\">\n\t\t\t\t\t<h1 class=\"elementor-heading-title elementor-size-default\">Emergency Numbers<\/h1>\t\t\t\t<\/div>\n\t\t\t\t<\/div>\n\t\t\t\t<div class=\"elementor-element elementor-element-332a57b elementor-widget__width-inherit elementor-widget elementor-widget-text-editor\" data-id=\"332a57b\" data-element_type=\"widget\" data-widget_type=\"text-editor.default\">\n\t\t\t\t<div class=\"elementor-widget-container\">\n\t\t\t\t\t\t\t\t\t<p>In an acute crisis, please contact the following institutions:<\/p>\n\t\t\t\t\t\t\t\t<\/div>\n\t\t\t\t<\/div>\n\t\t\t\t<div class=\"elementor-element elementor-element-b2ff441 elementor-widget__width-initial elementor-widget elementor-widget-text-editor\" data-id=\"b2ff441\" data-element_type=\"widget\" data-widget_type=\"text-editor.default\">\n\t\t\t\t<div class=\"elementor-widget-container\">\n\t\t\t\t\t\t\t\t\t<p class=\"\"><strong>PSYCHO-SOCIAL SERVICE VIENNA<\/strong><br \/>\nThe Psychiatric Emergency Aid of the city of Vienna is available around the clock.<br \/>\n+43-1-31330<\/p>\n<p><strong>CRISIS INTERVENTION CENTER VIENNA<\/strong><br \/>\n+43-1-4069595<\/p>\n<p><strong>TELEPHONE COUNSELLING<\/strong><br \/>\n+43 142<\/p>\n<p><strong>24-HOUR EMERGENCY NUMBER FOR WOMEN<\/strong><br \/>\nThe emergency number for women is available around the clock for women and girls from the age of 14 years, who have been victims of sexual, physical and psychological violence.<br \/>\n+43-1-71719<\/p>\n<p><strong>WOMEN\u00b4S HELPLINE<br \/>\n<\/strong>The women\u00b4s helpline supports women who have been victims of violence within their families, marriages and\/or relationships.<br \/>\n+43-800-222 555<\/p>\n\t\t\t\t\t\t\t\t<\/div>\n\t\t\t\t<\/div>\n\t\t\t\t<div class=\"elementor-element elementor-element-8b4dabb elementor-widget__width-initial elementor-widget elementor-widget-text-editor\" data-id=\"8b4dabb\" data-element_type=\"widget\" data-widget_type=\"text-editor.default\">\n\t\t\t\t<div class=\"elementor-widget-container\">\n\t\t\t\t\t\t\t\t\t<p class=\"\"><strong>MEN COUNSELLING<\/strong><br \/>\nMen counselling offers psychotherapeutic support for men in all kinds of situations.<br \/>\n+43-1-603 28 28<\/p>\n<p><strong>RED CROSS SORROW NUMBER<\/strong><br \/>\nRed Cross employees are available when in sorrow or concern daily between 4 pm and 12 pm.<br \/>\n+43-116123<\/p>\n<p><strong>RAT AUF DRAHT<\/strong><br \/>\nRat auf Draht offers children, youth and their guardians support.<br \/>\n+43-147<\/p>\n<p><strong>FONDS SOZIALES WIEN<\/strong><br \/>\nCounselling in difficult situations.<br \/>\n+43-1-24524<\/p>\n\t\t\t\t\t\t\t\t<\/div>\n\t\t\t\t<\/div>\n\t\t\t\t\t<\/div>\n\t\t\t\t<\/div>\n\t\t\t\t<\/div>\n\t\t","protected":false},"excerpt":{"rendered":"<p>Emergency Numbers In an acute crisis, please contact the following institutions: PSYCHO-SOCIAL SERVICE VIENNA The Psychiatric Emergency Aid of the city of Vienna is available around the clock. +43-1-31330 CRISIS INTERVENTION CENTER VIENNA +43-1-4069595 TELEPHONE COUNSELLING +43 142 24-HOUR EMERGENCY NUMBER FOR WOMEN The emergency number for women is available around the clock for women &#8230; <a title=\"Emergency Numbers\" class=\"read-more\" href=\"https:\/\/julia-trilety.com\/en\/emergency-numbers\/\" aria-label=\"Read more about Emergency Numbers\">Read more<\/a><\/p>\n","protected":false},"author":1,"featured_media":0,"parent":0,"menu_order":0,"comment_status":"closed","ping_status":"closed","template":"","meta":{"footnotes":""},"class_list":["post-259","page","type-page","status-publish"],"yoast_head":"<!-- This site is optimized with the Yoast SEO plugin v26.6 - https:\/\/yoast.com\/wordpress\/plugins\/seo\/ -->\n<title>Emergency Numbers - Julia Trilety<\/title>\n<meta name=\"robots\" content=\"index, follow, max-snippet:-1, max-image-preview:large, max-video-preview:-1\" \/>\n<link rel=\"canonical\" href=\"https:\/\/julia-trilety.com\/notfallsnummern\/\" \/>\n<meta property=\"og:locale\" content=\"en_US\" \/>\n<meta property=\"og:type\" content=\"article\" \/>\n<meta property=\"og:title\" content=\"Emergency Numbers - Julia Trilety\" \/>\n<meta property=\"og:description\" content=\"Emergency Numbers In an acute crisis, please contact the following institutions: PSYCHO-SOCIAL SERVICE VIENNA The Psychiatric Emergency Aid of the city of Vienna is available around the clock. +43-1-31330 CRISIS INTERVENTION CENTER VIENNA +43-1-4069595 TELEPHONE COUNSELLING +43 142 24-HOUR EMERGENCY NUMBER FOR WOMEN The emergency number for women is available around the clock for women ... Read more\" \/>\n<meta property=\"og:url\" content=\"https:\/\/julia-trilety.com\/notfallsnummern\/\" \/>\n<meta property=\"og:site_name\" content=\"Julia Trilety\" \/>\n<meta property=\"article:modified_time\" content=\"2025-07-11T10:01:43+00:00\" \/>\n<meta name=\"twitter:card\" content=\"summary_large_image\" \/>\n<meta name=\"twitter:label1\" content=\"Est. reading time\" \/>\n\t<meta name=\"twitter:data1\" content=\"1 minute\" \/>\n<script type=\"application\/ld+json\" class=\"yoast-schema-graph\">{\"@context\":\"https:\/\/schema.org\",\"@graph\":[{\"@type\":\"WebPage\",\"@id\":\"https:\/\/julia-trilety.com\/notfallsnummern\/\",\"url\":\"https:\/\/julia-trilety.com\/notfallsnummern\/\",\"name\":\"Emergency Numbers - Julia Trilety\",\"isPartOf\":{\"@id\":\"https:\/\/julia-trilety.com\/#website\"},\"datePublished\":\"2019-10-29T18:07:17+00:00\",\"dateModified\":\"2025-07-11T10:01:43+00:00\",\"breadcrumb\":{\"@id\":\"https:\/\/julia-trilety.com\/notfallsnummern\/#breadcrumb\"},\"inLanguage\":\"en-US\",\"potentialAction\":[{\"@type\":\"ReadAction\",\"target\":[\"https:\/\/julia-trilety.com\/notfallsnummern\/\"]}]},{\"@type\":\"BreadcrumbList\",\"@id\":\"https:\/\/julia-trilety.com\/notfallsnummern\/#breadcrumb\",\"itemListElement\":[{\"@type\":\"ListItem\",\"position\":1,\"name\":\"Startseite\",\"item\":\"https:\/\/julia-trilety.com\/\"},{\"@type\":\"ListItem\",\"position\":2,\"name\":\"Emergency Numbers\"}]},{\"@type\":\"WebSite\",\"@id\":\"https:\/\/julia-trilety.com\/#website\",\"url\":\"https:\/\/julia-trilety.com\/\",\"name\":\"Julia G\u00fcnther\",\"description\":\"Psychotherapie - Existenzanalyse\",\"publisher\":{\"@id\":\"https:\/\/julia-trilety.com\/#\/schema\/person\/03f7519acd7029ed8f60fa7cef526b03\"},\"potentialAction\":[{\"@type\":\"SearchAction\",\"target\":{\"@type\":\"EntryPoint\",\"urlTemplate\":\"https:\/\/julia-trilety.com\/?s={search_term_string}\"},\"query-input\":{\"@type\":\"PropertyValueSpecification\",\"valueRequired\":true,\"valueName\":\"search_term_string\"}}],\"inLanguage\":\"en-US\"},{\"@type\":[\"Person\",\"Organization\"],\"@id\":\"https:\/\/julia-trilety.com\/#\/schema\/person\/03f7519acd7029ed8f60fa7cef526b03\",\"name\":\"Julia G\u00fcnther\",\"image\":{\"@type\":\"ImageObject\",\"inLanguage\":\"en-US\",\"@id\":\"https:\/\/julia-trilety.com\/#\/schema\/person\/image\/\",\"url\":\"https:\/\/julia-trilety.com\/wp-content\/uploads\/2020\/02\/Julia-Trilety-Logo.png\",\"contentUrl\":\"https:\/\/julia-trilety.com\/wp-content\/uploads\/2020\/02\/Julia-Trilety-Logo.png\",\"width\":440,\"height\":192,\"caption\":\"Julia G\u00fcnther\"},\"logo\":{\"@id\":\"https:\/\/julia-trilety.com\/#\/schema\/person\/image\/\"},\"description\":\"Aus-, Fort- und Weiterbildungen: Psychotherapeutisches Fachspezifikum Existenzanalyse GLE \u00d6sterreich Fortbildungen in Sexualit\u00e4t aus existenzanalytischer Perspektive In Weiterbildung zur Psychotrauma-Therapeutin (nach L. Tutsch, L. Redemann, PITT) In Fortbildung Alterspsychotherapie (\u00d6VIP, AVM, IAAG Marburg) Psychotherapeutisches Prop\u00e4deutikum ARGE Bildungsmanagement Studium der Soziologie Mitgliedschaften: Gesellschaft f\u00fcr Logotherapie und Existenzanalyse (GLE) \u00d6sterreichischer Bundesverband f\u00fcr Psychotherapie (\u00d6BVP) Federation Existential Therapy Europe (FETE)\"}]}<\/script>\n<!-- \/ Yoast SEO plugin. -->","yoast_head_json":{"title":"Emergency Numbers - Julia Trilety","robots":{"index":"index","follow":"follow","max-snippet":"max-snippet:-1","max-image-preview":"max-image-preview:large","max-video-preview":"max-video-preview:-1"},"canonical":"https:\/\/julia-trilety.com\/notfallsnummern\/","og_locale":"en_US","og_type":"article","og_title":"Emergency Numbers - Julia Trilety","og_description":"Emergency Numbers In an acute crisis, please contact the following institutions: PSYCHO-SOCIAL SERVICE VIENNA The Psychiatric Emergency Aid of the city of Vienna is available around the clock. +43-1-31330 CRISIS INTERVENTION CENTER VIENNA +43-1-4069595 TELEPHONE COUNSELLING +43 142 24-HOUR EMERGENCY NUMBER FOR WOMEN The emergency number for women is available around the clock for women ... Read more","og_url":"https:\/\/julia-trilety.com\/notfallsnummern\/","og_site_name":"Julia Trilety","article_modified_time":"2025-07-11T10:01:43+00:00","twitter_card":"summary_large_image","twitter_misc":{"Est. reading time":"1 minute"},"schema":{"@context":"https:\/\/schema.org","@graph":[{"@type":"WebPage","@id":"https:\/\/julia-trilety.com\/notfallsnummern\/","url":"https:\/\/julia-trilety.com\/notfallsnummern\/","name":"Emergency Numbers - Julia Trilety","isPartOf":{"@id":"https:\/\/julia-trilety.com\/#website"},"datePublished":"2019-10-29T18:07:17+00:00","dateModified":"2025-07-11T10:01:43+00:00","breadcrumb":{"@id":"https:\/\/julia-trilety.com\/notfallsnummern\/#breadcrumb"},"inLanguage":"en-US","potentialAction":[{"@type":"ReadAction","target":["https:\/\/julia-trilety.com\/notfallsnummern\/"]}]},{"@type":"BreadcrumbList","@id":"https:\/\/julia-trilety.com\/notfallsnummern\/#breadcrumb","itemListElement":[{"@type":"ListItem","position":1,"name":"Startseite","item":"https:\/\/julia-trilety.com\/"},{"@type":"ListItem","position":2,"name":"Emergency Numbers"}]},{"@type":"WebSite","@id":"https:\/\/julia-trilety.com\/#website","url":"https:\/\/julia-trilety.com\/","name":"Julia G\u00fcnther","description":"Psychotherapie - Existenzanalyse","publisher":{"@id":"https:\/\/julia-trilety.com\/#\/schema\/person\/03f7519acd7029ed8f60fa7cef526b03"},"potentialAction":[{"@type":"SearchAction","target":{"@type":"EntryPoint","urlTemplate":"https:\/\/julia-trilety.com\/?s={search_term_string}"},"query-input":{"@type":"PropertyValueSpecification","valueRequired":true,"valueName":"search_term_string"}}],"inLanguage":"en-US"},{"@type":["Person","Organization"],"@id":"https:\/\/julia-trilety.com\/#\/schema\/person\/03f7519acd7029ed8f60fa7cef526b03","name":"Julia G\u00fcnther","image":{"@type":"ImageObject","inLanguage":"en-US","@id":"https:\/\/julia-trilety.com\/#\/schema\/person\/image\/","url":"https:\/\/julia-trilety.com\/wp-content\/uploads\/2020\/02\/Julia-Trilety-Logo.png","contentUrl":"https:\/\/julia-trilety.com\/wp-content\/uploads\/2020\/02\/Julia-Trilety-Logo.png","width":440,"height":192,"caption":"Julia G\u00fcnther"},"logo":{"@id":"https:\/\/julia-trilety.com\/#\/schema\/person\/image\/"},"description":"Aus-, Fort- und Weiterbildungen: Psychotherapeutisches Fachspezifikum Existenzanalyse GLE \u00d6sterreich Fortbildungen in Sexualit\u00e4t aus existenzanalytischer Perspektive In Weiterbildung zur Psychotrauma-Therapeutin (nach L. Tutsch, L. Redemann, PITT) In Fortbildung Alterspsychotherapie (\u00d6VIP, AVM, IAAG Marburg) Psychotherapeutisches Prop\u00e4deutikum ARGE Bildungsmanagement Studium der Soziologie Mitgliedschaften: Gesellschaft f\u00fcr Logotherapie und Existenzanalyse (GLE) \u00d6sterreichischer Bundesverband f\u00fcr Psychotherapie (\u00d6BVP) Federation Existential Therapy Europe (FETE)"}]}},"_links":{"self":[{"href":"https:\/\/julia-trilety.com\/en\/wp-json\/wp\/v2\/pages\/259","targetHints":{"allow":["GET"]}}],"collection":[{"href":"https:\/\/julia-trilety.com\/en\/wp-json\/wp\/v2\/pages"}],"about":[{"href":"https:\/\/julia-trilety.com\/en\/wp-json\/wp\/v2\/types\/page"}],"author":[{"embeddable":true,"href":"https:\/\/julia-trilety.com\/en\/wp-json\/wp\/v2\/users\/1"}],"replies":[{"embeddable":true,"href":"https:\/\/julia-trilety.com\/en\/wp-json\/wp\/v2\/comments?post=259"}],"version-history":[{"count":18,"href":"https:\/\/julia-trilety.com\/en\/wp-json\/wp\/v2\/pages\/259\/revisions"}],"predecessor-version":[{"id":1359,"href":"https:\/\/julia-trilety.com\/en\/wp-json\/wp\/v2\/pages\/259\/revisions\/1359"}],"wp:attachment":[{"href":"https:\/\/julia-trilety.com\/en\/wp-json\/wp\/v2\/media?parent=259"}],"curies":[{"name":"wp","href":"https:\/\/api.w.org\/{rel}","templated":true}]}}