{"id":256,"date":"2019-10-29T19:01:32","date_gmt":"2019-10-29T18:01:32","guid":{"rendered":"http:\/\/julia.demo.steter.com\/existential-psychotherapy\/"},"modified":"2025-07-11T12:02:21","modified_gmt":"2025-07-11T10:02:21","slug":"existential-analysis","status":"publish","type":"page","link":"https:\/\/julia-trilety.com\/en\/existential-analysis\/","title":{"rendered":"Existential Analysis"},"content":{"rendered":"\t\t<div data-elementor-type=\"wp-page\" data-elementor-id=\"256\" class=\"elementor elementor-256 elementor-61\" data-elementor-post-type=\"page\">\n\t\t\t\t<div class=\"elementor-element elementor-element-adc5d88 e-flex e-con-boxed e-con e-parent\" data-id=\"adc5d88\" data-element_type=\"container\">\n\t\t\t\t\t<div class=\"e-con-inner\">\n\t\t<div class=\"elementor-element elementor-element-b66380e e-con-full e-flex e-con e-child\" data-id=\"b66380e\" data-element_type=\"container\">\n\t\t\t\t<div class=\"elementor-element elementor-element-4868f75 elementor-widget elementor-widget-heading\" data-id=\"4868f75\" data-element_type=\"widget\" data-widget_type=\"heading.default\">\n\t\t\t\t<div class=\"elementor-widget-container\">\n\t\t\t\t\t<h1 class=\"elementor-heading-title elementor-size-default\">Existential Analysis<\/h1>\t\t\t\t<\/div>\n\t\t\t\t<\/div>\n\t\t\t\t<\/div>\n\t\t\t\t\t<\/div>\n\t\t\t\t<\/div>\n\t\t<div class=\"elementor-element elementor-element-fd5e04c e-flex e-con-boxed e-con e-parent\" data-id=\"fd5e04c\" data-element_type=\"container\">\n\t\t\t\t\t<div class=\"e-con-inner\">\n\t\t<div class=\"elementor-element elementor-element-0a776f3 e-con-full e-flex e-con e-child\" data-id=\"0a776f3\" data-element_type=\"container\">\n\t\t\t\t<div class=\"elementor-element elementor-element-6d6ba79 elementor-widget elementor-widget-text-editor\" data-id=\"6d6ba79\" data-element_type=\"widget\" data-widget_type=\"text-editor.default\">\n\t\t\t\t<div class=\"elementor-widget-container\">\n\t\t\t\t\t\t\t\t\t<p class=\"\">Psychotherapy is a\u00a0healing method rooted in diagnostic and scientific methodology which treats psychological, psycho-social, and psycho-somatic suffering. Further information on psychotherapy can be found on the\u00a0<a href=\"https:\/\/www.sozialministerium.at\/site\/Gesundheit\/Gesundheitsfoerderung\/Psychische_Gesundheit\/Psychische_Gesundheit\" target=\"_blank\" rel=\"noopener\">website of the ministry<\/a>\u00a0(information is provided in German).<\/p><p>Existential Analysis is among the 23 psychotherapeutic methods, which are recognised by the Austrian Ministry for Health, and is part of the humanistic cluster. Existential Analysis takes place in a\u00a0dialogic setting. It aims to support the individual in the cultivation of authentic and responsible relationships with one\u2019s self and one\u2019s surrounding. If you are interested in further information on Existential Analysis, please visit the website of\u00a0<a href=\"https:\/\/existenzanalyse.at\/\">GLE \u00d6sterreich<\/a>\u00a0(in German).<\/p><p class=\"\"><a href=\"\/en\/specialisation\/\"><strong>Specialisation<\/strong><\/a>, as well as\u00a0<a href=\"\/en\/terms-and-conditions\/\"><strong>Terms and Conditions<\/strong><\/a>, provide further information. At\u00a0<a href=\"\/en\/contact\"><strong>Contact<\/strong><\/a>, you receive details for an appointment.<\/p>\t\t\t\t\t\t\t\t<\/div>\n\t\t\t\t<\/div>\n\t\t\t\t<\/div>\n\t\t<div class=\"elementor-element elementor-element-bf35c1d e-con-full e-flex e-con e-child\" data-id=\"bf35c1d\" data-element_type=\"container\">\n\t\t\t\t<div class=\"elementor-element elementor-element-fd02739 elementor-widget elementor-widget-image\" data-id=\"fd02739\" data-element_type=\"widget\" data-widget_type=\"image.default\">\n\t\t\t\t<div class=\"elementor-widget-container\">\n\t\t\t\t\t\t\t\t\t\t\t\t\t\t\t<img decoding=\"async\" width=\"1\" height=\"1\" src=\"https:\/\/julia-trilety.com\/wp-content\/uploads\/2020\/06\/icon_sprechblasen.svg\" class=\"attachment-large size-large wp-image-488\" alt=\"\" \/>\t\t\t\t\t\t\t\t\t\t\t\t\t\t\t<\/div>\n\t\t\t\t<\/div>\n\t\t\t\t<\/div>\n\t\t\t\t\t<\/div>\n\t\t\t\t<\/div>\n\t\t\t\t<\/div>\n\t\t","protected":false},"excerpt":{"rendered":"<p>Existential Analysis Psychotherapy is a\u00a0healing method rooted in diagnostic and scientific methodology which treats psychological, psycho-social, and psycho-somatic suffering. Further information on psychotherapy can be found on the\u00a0website of the ministry\u00a0(information is provided in German). Existential Analysis is among the 23 psychotherapeutic methods, which are recognised by the Austrian Ministry for Health, and is part &#8230; <a title=\"Existential Analysis\" class=\"read-more\" href=\"https:\/\/julia-trilety.com\/en\/existential-analysis\/\" aria-label=\"Read more about Existential Analysis\">Read more<\/a><\/p>\n","protected":false},"author":1,"featured_media":0,"parent":0,"menu_order":0,"comment_status":"closed","ping_status":"closed","template":"","meta":{"footnotes":""},"class_list":["post-256","page","type-page","status-publish"],"yoast_head":"<!-- This site is optimized with the Yoast SEO plugin v26.6 - https:\/\/yoast.com\/wordpress\/plugins\/seo\/ -->\n<title>Existential Analysis - Julia Trilety<\/title>\n<meta name=\"robots\" content=\"index, follow, max-snippet:-1, max-image-preview:large, max-video-preview:-1\" \/>\n<link rel=\"canonical\" href=\"https:\/\/julia-trilety.com\/psychotherapie-existenzanalyse\/\" \/>\n<meta property=\"og:locale\" content=\"en_US\" \/>\n<meta property=\"og:type\" content=\"article\" \/>\n<meta property=\"og:title\" content=\"Existential Analysis - Julia Trilety\" \/>\n<meta property=\"og:description\" content=\"Existential Analysis Psychotherapy is a\u00a0healing method rooted in diagnostic and scientific methodology which treats psychological, psycho-social, and psycho-somatic suffering. Further information on psychotherapy can be found on the\u00a0website of the ministry\u00a0(information is provided in German). Existential Analysis is among the 23 psychotherapeutic methods, which are recognised by the Austrian Ministry for Health, and is part ... Read more\" \/>\n<meta property=\"og:url\" content=\"https:\/\/julia-trilety.com\/psychotherapie-existenzanalyse\/\" \/>\n<meta property=\"og:site_name\" content=\"Julia Trilety\" \/>\n<meta property=\"article:modified_time\" content=\"2025-07-11T10:02:21+00:00\" \/>\n<meta property=\"og:image\" content=\"https:\/\/julia-guenther.com\/wp-content\/uploads\/2020\/06\/icon_sprechblasen.svg\" \/>\n<meta name=\"twitter:card\" content=\"summary_large_image\" \/>\n<meta name=\"twitter:label1\" content=\"Est. reading time\" \/>\n\t<meta name=\"twitter:data1\" content=\"1 minute\" \/>\n<script type=\"application\/ld+json\" class=\"yoast-schema-graph\">{\"@context\":\"https:\/\/schema.org\",\"@graph\":[{\"@type\":\"WebPage\",\"@id\":\"https:\/\/julia-trilety.com\/psychotherapie-existenzanalyse\/\",\"url\":\"https:\/\/julia-trilety.com\/psychotherapie-existenzanalyse\/\",\"name\":\"Existential Analysis - Julia Trilety\",\"isPartOf\":{\"@id\":\"https:\/\/julia-trilety.com\/#website\"},\"primaryImageOfPage\":{\"@id\":\"https:\/\/julia-trilety.com\/psychotherapie-existenzanalyse\/#primaryimage\"},\"image\":{\"@id\":\"https:\/\/julia-trilety.com\/psychotherapie-existenzanalyse\/#primaryimage\"},\"thumbnailUrl\":\"https:\/\/julia-guenther.com\/wp-content\/uploads\/2020\/06\/icon_sprechblasen.svg\",\"datePublished\":\"2019-10-29T18:01:32+00:00\",\"dateModified\":\"2025-07-11T10:02:21+00:00\",\"breadcrumb\":{\"@id\":\"https:\/\/julia-trilety.com\/psychotherapie-existenzanalyse\/#breadcrumb\"},\"inLanguage\":\"en-US\",\"potentialAction\":[{\"@type\":\"ReadAction\",\"target\":[\"https:\/\/julia-trilety.com\/psychotherapie-existenzanalyse\/\"]}]},{\"@type\":\"ImageObject\",\"inLanguage\":\"en-US\",\"@id\":\"https:\/\/julia-trilety.com\/psychotherapie-existenzanalyse\/#primaryimage\",\"url\":\"https:\/\/julia-guenther.com\/wp-content\/uploads\/2020\/06\/icon_sprechblasen.svg\",\"contentUrl\":\"https:\/\/julia-guenther.com\/wp-content\/uploads\/2020\/06\/icon_sprechblasen.svg\"},{\"@type\":\"BreadcrumbList\",\"@id\":\"https:\/\/julia-trilety.com\/psychotherapie-existenzanalyse\/#breadcrumb\",\"itemListElement\":[{\"@type\":\"ListItem\",\"position\":1,\"name\":\"Startseite\",\"item\":\"https:\/\/julia-trilety.com\/\"},{\"@type\":\"ListItem\",\"position\":2,\"name\":\"Existential Analysis\"}]},{\"@type\":\"WebSite\",\"@id\":\"https:\/\/julia-trilety.com\/#website\",\"url\":\"https:\/\/julia-trilety.com\/\",\"name\":\"Julia G\u00fcnther\",\"description\":\"Psychotherapie - Existenzanalyse\",\"publisher\":{\"@id\":\"https:\/\/julia-trilety.com\/#\/schema\/person\/03f7519acd7029ed8f60fa7cef526b03\"},\"potentialAction\":[{\"@type\":\"SearchAction\",\"target\":{\"@type\":\"EntryPoint\",\"urlTemplate\":\"https:\/\/julia-trilety.com\/?s={search_term_string}\"},\"query-input\":{\"@type\":\"PropertyValueSpecification\",\"valueRequired\":true,\"valueName\":\"search_term_string\"}}],\"inLanguage\":\"en-US\"},{\"@type\":[\"Person\",\"Organization\"],\"@id\":\"https:\/\/julia-trilety.com\/#\/schema\/person\/03f7519acd7029ed8f60fa7cef526b03\",\"name\":\"Julia G\u00fcnther\",\"image\":{\"@type\":\"ImageObject\",\"inLanguage\":\"en-US\",\"@id\":\"https:\/\/julia-trilety.com\/#\/schema\/person\/image\/\",\"url\":\"https:\/\/julia-trilety.com\/wp-content\/uploads\/2020\/02\/Julia-Trilety-Logo.png\",\"contentUrl\":\"https:\/\/julia-trilety.com\/wp-content\/uploads\/2020\/02\/Julia-Trilety-Logo.png\",\"width\":440,\"height\":192,\"caption\":\"Julia G\u00fcnther\"},\"logo\":{\"@id\":\"https:\/\/julia-trilety.com\/#\/schema\/person\/image\/\"},\"description\":\"Aus-, Fort- und Weiterbildungen: Psychotherapeutisches Fachspezifikum Existenzanalyse GLE \u00d6sterreich Fortbildungen in Sexualit\u00e4t aus existenzanalytischer Perspektive In Weiterbildung zur Psychotrauma-Therapeutin (nach L. Tutsch, L. Redemann, PITT) In Fortbildung Alterspsychotherapie (\u00d6VIP, AVM, IAAG Marburg) Psychotherapeutisches Prop\u00e4deutikum ARGE Bildungsmanagement Studium der Soziologie Mitgliedschaften: Gesellschaft f\u00fcr Logotherapie und Existenzanalyse (GLE) \u00d6sterreichischer Bundesverband f\u00fcr Psychotherapie (\u00d6BVP) Federation Existential Therapy Europe (FETE)\"}]}<\/script>\n<!-- \/ Yoast SEO plugin. -->","yoast_head_json":{"title":"Existential Analysis - Julia Trilety","robots":{"index":"index","follow":"follow","max-snippet":"max-snippet:-1","max-image-preview":"max-image-preview:large","max-video-preview":"max-video-preview:-1"},"canonical":"https:\/\/julia-trilety.com\/psychotherapie-existenzanalyse\/","og_locale":"en_US","og_type":"article","og_title":"Existential Analysis - Julia Trilety","og_description":"Existential Analysis Psychotherapy is a\u00a0healing method rooted in diagnostic and scientific methodology which treats psychological, psycho-social, and psycho-somatic suffering. Further information on psychotherapy can be found on the\u00a0website of the ministry\u00a0(information is provided in German). Existential Analysis is among the 23 psychotherapeutic methods, which are recognised by the Austrian Ministry for Health, and is part ... Read more","og_url":"https:\/\/julia-trilety.com\/psychotherapie-existenzanalyse\/","og_site_name":"Julia Trilety","article_modified_time":"2025-07-11T10:02:21+00:00","og_image":[{"url":"https:\/\/julia-guenther.com\/wp-content\/uploads\/2020\/06\/icon_sprechblasen.svg","type":"","width":"","height":""}],"twitter_card":"summary_large_image","twitter_misc":{"Est. reading time":"1 minute"},"schema":{"@context":"https:\/\/schema.org","@graph":[{"@type":"WebPage","@id":"https:\/\/julia-trilety.com\/psychotherapie-existenzanalyse\/","url":"https:\/\/julia-trilety.com\/psychotherapie-existenzanalyse\/","name":"Existential Analysis - Julia Trilety","isPartOf":{"@id":"https:\/\/julia-trilety.com\/#website"},"primaryImageOfPage":{"@id":"https:\/\/julia-trilety.com\/psychotherapie-existenzanalyse\/#primaryimage"},"image":{"@id":"https:\/\/julia-trilety.com\/psychotherapie-existenzanalyse\/#primaryimage"},"thumbnailUrl":"https:\/\/julia-guenther.com\/wp-content\/uploads\/2020\/06\/icon_sprechblasen.svg","datePublished":"2019-10-29T18:01:32+00:00","dateModified":"2025-07-11T10:02:21+00:00","breadcrumb":{"@id":"https:\/\/julia-trilety.com\/psychotherapie-existenzanalyse\/#breadcrumb"},"inLanguage":"en-US","potentialAction":[{"@type":"ReadAction","target":["https:\/\/julia-trilety.com\/psychotherapie-existenzanalyse\/"]}]},{"@type":"ImageObject","inLanguage":"en-US","@id":"https:\/\/julia-trilety.com\/psychotherapie-existenzanalyse\/#primaryimage","url":"https:\/\/julia-guenther.com\/wp-content\/uploads\/2020\/06\/icon_sprechblasen.svg","contentUrl":"https:\/\/julia-guenther.com\/wp-content\/uploads\/2020\/06\/icon_sprechblasen.svg"},{"@type":"BreadcrumbList","@id":"https:\/\/julia-trilety.com\/psychotherapie-existenzanalyse\/#breadcrumb","itemListElement":[{"@type":"ListItem","position":1,"name":"Startseite","item":"https:\/\/julia-trilety.com\/"},{"@type":"ListItem","position":2,"name":"Existential Analysis"}]},{"@type":"WebSite","@id":"https:\/\/julia-trilety.com\/#website","url":"https:\/\/julia-trilety.com\/","name":"Julia G\u00fcnther","description":"Psychotherapie - Existenzanalyse","publisher":{"@id":"https:\/\/julia-trilety.com\/#\/schema\/person\/03f7519acd7029ed8f60fa7cef526b03"},"potentialAction":[{"@type":"SearchAction","target":{"@type":"EntryPoint","urlTemplate":"https:\/\/julia-trilety.com\/?s={search_term_string}"},"query-input":{"@type":"PropertyValueSpecification","valueRequired":true,"valueName":"search_term_string"}}],"inLanguage":"en-US"},{"@type":["Person","Organization"],"@id":"https:\/\/julia-trilety.com\/#\/schema\/person\/03f7519acd7029ed8f60fa7cef526b03","name":"Julia G\u00fcnther","image":{"@type":"ImageObject","inLanguage":"en-US","@id":"https:\/\/julia-trilety.com\/#\/schema\/person\/image\/","url":"https:\/\/julia-trilety.com\/wp-content\/uploads\/2020\/02\/Julia-Trilety-Logo.png","contentUrl":"https:\/\/julia-trilety.com\/wp-content\/uploads\/2020\/02\/Julia-Trilety-Logo.png","width":440,"height":192,"caption":"Julia G\u00fcnther"},"logo":{"@id":"https:\/\/julia-trilety.com\/#\/schema\/person\/image\/"},"description":"Aus-, Fort- und Weiterbildungen: Psychotherapeutisches Fachspezifikum Existenzanalyse GLE \u00d6sterreich Fortbildungen in Sexualit\u00e4t aus existenzanalytischer Perspektive In Weiterbildung zur Psychotrauma-Therapeutin (nach L. Tutsch, L. Redemann, PITT) In Fortbildung Alterspsychotherapie (\u00d6VIP, AVM, IAAG Marburg) Psychotherapeutisches Prop\u00e4deutikum ARGE Bildungsmanagement Studium der Soziologie Mitgliedschaften: Gesellschaft f\u00fcr Logotherapie und Existenzanalyse (GLE) \u00d6sterreichischer Bundesverband f\u00fcr Psychotherapie (\u00d6BVP) Federation Existential Therapy Europe (FETE)"}]}},"_links":{"self":[{"href":"https:\/\/julia-trilety.com\/en\/wp-json\/wp\/v2\/pages\/256","targetHints":{"allow":["GET"]}}],"collection":[{"href":"https:\/\/julia-trilety.com\/en\/wp-json\/wp\/v2\/pages"}],"about":[{"href":"https:\/\/julia-trilety.com\/en\/wp-json\/wp\/v2\/types\/page"}],"author":[{"embeddable":true,"href":"https:\/\/julia-trilety.com\/en\/wp-json\/wp\/v2\/users\/1"}],"replies":[{"embeddable":true,"href":"https:\/\/julia-trilety.com\/en\/wp-json\/wp\/v2\/comments?post=256"}],"version-history":[{"count":30,"href":"https:\/\/julia-trilety.com\/en\/wp-json\/wp\/v2\/pages\/256\/revisions"}],"predecessor-version":[{"id":1362,"href":"https:\/\/julia-trilety.com\/en\/wp-json\/wp\/v2\/pages\/256\/revisions\/1362"}],"wp:attachment":[{"href":"https:\/\/julia-trilety.com\/en\/wp-json\/wp\/v2\/media?parent=256"}],"curies":[{"name":"wp","href":"https:\/\/api.w.org\/{rel}","templated":true}]}}