{"id":243,"date":"2019-10-29T18:25:36","date_gmt":"2019-10-29T17:25:36","guid":{"rendered":"http:\/\/julia.demo.steter.com\/specialisation\/"},"modified":"2025-07-11T12:05:15","modified_gmt":"2025-07-11T10:05:15","slug":"specialisation","status":"publish","type":"page","link":"https:\/\/julia-trilety.com\/en\/specialisation\/","title":{"rendered":"Specialisation"},"content":{"rendered":"\t\t<div data-elementor-type=\"wp-page\" data-elementor-id=\"243\" class=\"elementor elementor-243 elementor-57\" data-elementor-post-type=\"page\">\n\t\t\t\t<div class=\"elementor-element elementor-element-8f9b8f9 e-flex e-con-boxed e-con e-parent\" data-id=\"8f9b8f9\" data-element_type=\"container\">\n\t\t\t\t\t<div class=\"e-con-inner\">\n\t\t\t\t<div class=\"elementor-element elementor-element-f6607c8 elementor-widget elementor-widget-heading\" data-id=\"f6607c8\" data-element_type=\"widget\" data-widget_type=\"heading.default\">\n\t\t\t\t<div class=\"elementor-widget-container\">\n\t\t\t\t\t<h1 class=\"elementor-heading-title elementor-size-default\">Specialisation<\/h1>\t\t\t\t<\/div>\n\t\t\t\t<\/div>\n\t\t\t\t\t<\/div>\n\t\t\t\t<\/div>\n\t\t<div class=\"elementor-element elementor-element-a01f7bd e-flex e-con-boxed e-con e-parent\" data-id=\"a01f7bd\" data-element_type=\"container\">\n\t\t\t\t\t<div class=\"e-con-inner\">\n\t\t<div class=\"elementor-element elementor-element-6923852 e-con-full e-flex e-con e-child\" data-id=\"6923852\" data-element_type=\"container\">\n\t\t\t\t<div class=\"elementor-element elementor-element-99a66b0 elementor-widget elementor-widget-text-editor\" data-id=\"99a66b0\" data-element_type=\"widget\" data-widget_type=\"text-editor.default\">\n\t\t\t\t<div class=\"elementor-widget-container\">\n\t\t\t\t\t\t\t\t\t<p class=\"\">I have specialised expertise in<\/p><p>life crisis and identity-finding processes,<\/p><p>traumatic life events and post-traumatic stress disorder,<\/p><p>loss of self-esteem, anxiety and depression,<br \/><br \/>processing of grief and loss and<\/p><p>topics such as inter- and transculturality, LGBTQQIA+ and sexualities.<\/p><p class=\"\"><a href=\"\/en\/existential-psychotherapy\/\"><strong>Existential Psychotherapy<\/strong><\/a>, as well as\u00a0<a href=\"\/en\/terms-and-conditions\/\"><strong>Terms and Conditions<\/strong><\/a>, provide further information. At\u00a0<a href=\"\/en\/contact\"><strong>Contact<\/strong><\/a>, you receive details for an appointment.<\/p>\t\t\t\t\t\t\t\t<\/div>\n\t\t\t\t<\/div>\n\t\t\t\t<\/div>\n\t\t<div class=\"elementor-element elementor-element-c777abe e-con-full e-flex e-con e-child\" data-id=\"c777abe\" data-element_type=\"container\">\n\t\t\t\t<div class=\"elementor-element elementor-element-ba4b464 elementor-widget elementor-widget-image\" data-id=\"ba4b464\" data-element_type=\"widget\" data-widget_type=\"image.default\">\n\t\t\t\t<div class=\"elementor-widget-container\">\n\t\t\t\t\t\t\t\t\t\t\t\t\t\t\t<img fetchpriority=\"high\" decoding=\"async\" width=\"500\" height=\"500\" src=\"https:\/\/julia-trilety.com\/wp-content\/uploads\/2019\/09\/Julia-G\u00fcnther-quadrat.jpg\" class=\"attachment-large size-large wp-image-445\" alt=\"Julia Guenther Portr\u00e4t\" srcset=\"https:\/\/julia-trilety.com\/wp-content\/uploads\/2019\/09\/Julia-G\u00fcnther-quadrat.jpg 500w, https:\/\/julia-trilety.com\/wp-content\/uploads\/2019\/09\/Julia-G\u00fcnther-quadrat-150x150.jpg 150w, https:\/\/julia-trilety.com\/wp-content\/uploads\/2019\/09\/Julia-G\u00fcnther-quadrat-300x300.jpg 300w\" sizes=\"(max-width: 500px) 100vw, 500px\" \/>\t\t\t\t\t\t\t\t\t\t\t\t\t\t\t<\/div>\n\t\t\t\t<\/div>\n\t\t\t\t<\/div>\n\t\t\t\t\t<\/div>\n\t\t\t\t<\/div>\n\t\t\t\t<section class=\"elementor-section elementor-top-section elementor-element elementor-element-abf63fa elementor-hidden-phone elementor-section-boxed elementor-section-height-default elementor-section-height-default\" data-id=\"abf63fa\" data-element_type=\"section\">\n\t\t\t\t\t\t<div class=\"elementor-container elementor-column-gap-default\">\n\t\t\t\t\t<div class=\"elementor-column elementor-col-100 elementor-top-column elementor-element elementor-element-cd7f079\" data-id=\"cd7f079\" data-element_type=\"column\">\n\t\t\t<div class=\"elementor-widget-wrap\">\n\t\t\t\t\t\t\t<\/div>\n\t\t<\/div>\n\t\t\t\t\t<\/div>\n\t\t<\/section>\n\t\t\t\t<\/div>\n\t\t","protected":false},"excerpt":{"rendered":"<p>Specialisation I have specialised expertise in life crisis and identity-finding processes, traumatic life events and post-traumatic stress disorder, loss of self-esteem, anxiety and depression, processing of grief and loss and topics such as inter- and transculturality, LGBTQQIA+ and sexualities. Existential Psychotherapy, as well as\u00a0Terms and Conditions, provide further information. At\u00a0Contact, you receive details for an &#8230; <a title=\"Specialisation\" class=\"read-more\" href=\"https:\/\/julia-trilety.com\/en\/specialisation\/\" aria-label=\"Read more about Specialisation\">Read more<\/a><\/p>\n","protected":false},"author":1,"featured_media":0,"parent":0,"menu_order":0,"comment_status":"closed","ping_status":"closed","template":"","meta":{"footnotes":""},"class_list":["post-243","page","type-page","status-publish"],"yoast_head":"<!-- This site is optimized with the Yoast SEO plugin v26.6 - https:\/\/yoast.com\/wordpress\/plugins\/seo\/ -->\n<title>Specialisation - Julia Trilety<\/title>\n<meta name=\"robots\" content=\"index, follow, max-snippet:-1, max-image-preview:large, max-video-preview:-1\" \/>\n<link rel=\"canonical\" href=\"https:\/\/julia-trilety.com\/spezialisierung\/\" \/>\n<meta property=\"og:locale\" content=\"en_US\" \/>\n<meta property=\"og:type\" content=\"article\" \/>\n<meta property=\"og:title\" content=\"Specialisation - Julia Trilety\" \/>\n<meta property=\"og:description\" content=\"Specialisation I have specialised expertise in life crisis and identity-finding processes, traumatic life events and post-traumatic stress disorder, loss of self-esteem, anxiety and depression, processing of grief and loss and topics such as inter- and transculturality, LGBTQQIA+ and sexualities. Existential Psychotherapy, as well as\u00a0Terms and Conditions, provide further information. At\u00a0Contact, you receive details for an ... Read more\" \/>\n<meta property=\"og:url\" content=\"https:\/\/julia-trilety.com\/spezialisierung\/\" \/>\n<meta property=\"og:site_name\" content=\"Julia Trilety\" \/>\n<meta property=\"article:modified_time\" content=\"2025-07-11T10:05:15+00:00\" \/>\n<meta name=\"twitter:card\" content=\"summary_large_image\" \/>\n<meta name=\"twitter:label1\" content=\"Est. reading time\" \/>\n\t<meta name=\"twitter:data1\" content=\"1 minute\" \/>\n<script type=\"application\/ld+json\" class=\"yoast-schema-graph\">{\"@context\":\"https:\/\/schema.org\",\"@graph\":[{\"@type\":\"WebPage\",\"@id\":\"https:\/\/julia-trilety.com\/spezialisierung\/\",\"url\":\"https:\/\/julia-trilety.com\/spezialisierung\/\",\"name\":\"Specialisation - Julia Trilety\",\"isPartOf\":{\"@id\":\"https:\/\/julia-trilety.com\/#website\"},\"datePublished\":\"2019-10-29T17:25:36+00:00\",\"dateModified\":\"2025-07-11T10:05:15+00:00\",\"breadcrumb\":{\"@id\":\"https:\/\/julia-trilety.com\/spezialisierung\/#breadcrumb\"},\"inLanguage\":\"en-US\",\"potentialAction\":[{\"@type\":\"ReadAction\",\"target\":[\"https:\/\/julia-trilety.com\/spezialisierung\/\"]}]},{\"@type\":\"BreadcrumbList\",\"@id\":\"https:\/\/julia-trilety.com\/spezialisierung\/#breadcrumb\",\"itemListElement\":[{\"@type\":\"ListItem\",\"position\":1,\"name\":\"Startseite\",\"item\":\"https:\/\/julia-trilety.com\/\"},{\"@type\":\"ListItem\",\"position\":2,\"name\":\"Specialisation\"}]},{\"@type\":\"WebSite\",\"@id\":\"https:\/\/julia-trilety.com\/#website\",\"url\":\"https:\/\/julia-trilety.com\/\",\"name\":\"Julia G\u00fcnther\",\"description\":\"Psychotherapie - Existenzanalyse\",\"publisher\":{\"@id\":\"https:\/\/julia-trilety.com\/#\/schema\/person\/03f7519acd7029ed8f60fa7cef526b03\"},\"potentialAction\":[{\"@type\":\"SearchAction\",\"target\":{\"@type\":\"EntryPoint\",\"urlTemplate\":\"https:\/\/julia-trilety.com\/?s={search_term_string}\"},\"query-input\":{\"@type\":\"PropertyValueSpecification\",\"valueRequired\":true,\"valueName\":\"search_term_string\"}}],\"inLanguage\":\"en-US\"},{\"@type\":[\"Person\",\"Organization\"],\"@id\":\"https:\/\/julia-trilety.com\/#\/schema\/person\/03f7519acd7029ed8f60fa7cef526b03\",\"name\":\"Julia G\u00fcnther\",\"image\":{\"@type\":\"ImageObject\",\"inLanguage\":\"en-US\",\"@id\":\"https:\/\/julia-trilety.com\/#\/schema\/person\/image\/\",\"url\":\"https:\/\/julia-trilety.com\/wp-content\/uploads\/2020\/02\/Julia-Trilety-Logo.png\",\"contentUrl\":\"https:\/\/julia-trilety.com\/wp-content\/uploads\/2020\/02\/Julia-Trilety-Logo.png\",\"width\":440,\"height\":192,\"caption\":\"Julia G\u00fcnther\"},\"logo\":{\"@id\":\"https:\/\/julia-trilety.com\/#\/schema\/person\/image\/\"},\"description\":\"Aus-, Fort- und Weiterbildungen: Psychotherapeutisches Fachspezifikum Existenzanalyse GLE \u00d6sterreich Fortbildungen in Sexualit\u00e4t aus existenzanalytischer Perspektive In Weiterbildung zur Psychotrauma-Therapeutin (nach L. Tutsch, L. Redemann, PITT) In Fortbildung Alterspsychotherapie (\u00d6VIP, AVM, IAAG Marburg) Psychotherapeutisches Prop\u00e4deutikum ARGE Bildungsmanagement Studium der Soziologie Mitgliedschaften: Gesellschaft f\u00fcr Logotherapie und Existenzanalyse (GLE) \u00d6sterreichischer Bundesverband f\u00fcr Psychotherapie (\u00d6BVP) Federation Existential Therapy Europe (FETE)\"}]}<\/script>\n<!-- \/ Yoast SEO plugin. -->","yoast_head_json":{"title":"Specialisation - Julia Trilety","robots":{"index":"index","follow":"follow","max-snippet":"max-snippet:-1","max-image-preview":"max-image-preview:large","max-video-preview":"max-video-preview:-1"},"canonical":"https:\/\/julia-trilety.com\/spezialisierung\/","og_locale":"en_US","og_type":"article","og_title":"Specialisation - Julia Trilety","og_description":"Specialisation I have specialised expertise in life crisis and identity-finding processes, traumatic life events and post-traumatic stress disorder, loss of self-esteem, anxiety and depression, processing of grief and loss and topics such as inter- and transculturality, LGBTQQIA+ and sexualities. Existential Psychotherapy, as well as\u00a0Terms and Conditions, provide further information. At\u00a0Contact, you receive details for an ... Read more","og_url":"https:\/\/julia-trilety.com\/spezialisierung\/","og_site_name":"Julia Trilety","article_modified_time":"2025-07-11T10:05:15+00:00","twitter_card":"summary_large_image","twitter_misc":{"Est. reading time":"1 minute"},"schema":{"@context":"https:\/\/schema.org","@graph":[{"@type":"WebPage","@id":"https:\/\/julia-trilety.com\/spezialisierung\/","url":"https:\/\/julia-trilety.com\/spezialisierung\/","name":"Specialisation - Julia Trilety","isPartOf":{"@id":"https:\/\/julia-trilety.com\/#website"},"datePublished":"2019-10-29T17:25:36+00:00","dateModified":"2025-07-11T10:05:15+00:00","breadcrumb":{"@id":"https:\/\/julia-trilety.com\/spezialisierung\/#breadcrumb"},"inLanguage":"en-US","potentialAction":[{"@type":"ReadAction","target":["https:\/\/julia-trilety.com\/spezialisierung\/"]}]},{"@type":"BreadcrumbList","@id":"https:\/\/julia-trilety.com\/spezialisierung\/#breadcrumb","itemListElement":[{"@type":"ListItem","position":1,"name":"Startseite","item":"https:\/\/julia-trilety.com\/"},{"@type":"ListItem","position":2,"name":"Specialisation"}]},{"@type":"WebSite","@id":"https:\/\/julia-trilety.com\/#website","url":"https:\/\/julia-trilety.com\/","name":"Julia G\u00fcnther","description":"Psychotherapie - Existenzanalyse","publisher":{"@id":"https:\/\/julia-trilety.com\/#\/schema\/person\/03f7519acd7029ed8f60fa7cef526b03"},"potentialAction":[{"@type":"SearchAction","target":{"@type":"EntryPoint","urlTemplate":"https:\/\/julia-trilety.com\/?s={search_term_string}"},"query-input":{"@type":"PropertyValueSpecification","valueRequired":true,"valueName":"search_term_string"}}],"inLanguage":"en-US"},{"@type":["Person","Organization"],"@id":"https:\/\/julia-trilety.com\/#\/schema\/person\/03f7519acd7029ed8f60fa7cef526b03","name":"Julia G\u00fcnther","image":{"@type":"ImageObject","inLanguage":"en-US","@id":"https:\/\/julia-trilety.com\/#\/schema\/person\/image\/","url":"https:\/\/julia-trilety.com\/wp-content\/uploads\/2020\/02\/Julia-Trilety-Logo.png","contentUrl":"https:\/\/julia-trilety.com\/wp-content\/uploads\/2020\/02\/Julia-Trilety-Logo.png","width":440,"height":192,"caption":"Julia G\u00fcnther"},"logo":{"@id":"https:\/\/julia-trilety.com\/#\/schema\/person\/image\/"},"description":"Aus-, Fort- und Weiterbildungen: Psychotherapeutisches Fachspezifikum Existenzanalyse GLE \u00d6sterreich Fortbildungen in Sexualit\u00e4t aus existenzanalytischer Perspektive In Weiterbildung zur Psychotrauma-Therapeutin (nach L. Tutsch, L. Redemann, PITT) In Fortbildung Alterspsychotherapie (\u00d6VIP, AVM, IAAG Marburg) Psychotherapeutisches Prop\u00e4deutikum ARGE Bildungsmanagement Studium der Soziologie Mitgliedschaften: Gesellschaft f\u00fcr Logotherapie und Existenzanalyse (GLE) \u00d6sterreichischer Bundesverband f\u00fcr Psychotherapie (\u00d6BVP) Federation Existential Therapy Europe (FETE)"}]}},"_links":{"self":[{"href":"https:\/\/julia-trilety.com\/en\/wp-json\/wp\/v2\/pages\/243","targetHints":{"allow":["GET"]}}],"collection":[{"href":"https:\/\/julia-trilety.com\/en\/wp-json\/wp\/v2\/pages"}],"about":[{"href":"https:\/\/julia-trilety.com\/en\/wp-json\/wp\/v2\/types\/page"}],"author":[{"embeddable":true,"href":"https:\/\/julia-trilety.com\/en\/wp-json\/wp\/v2\/users\/1"}],"replies":[{"embeddable":true,"href":"https:\/\/julia-trilety.com\/en\/wp-json\/wp\/v2\/comments?post=243"}],"version-history":[{"count":38,"href":"https:\/\/julia-trilety.com\/en\/wp-json\/wp\/v2\/pages\/243\/revisions"}],"predecessor-version":[{"id":1369,"href":"https:\/\/julia-trilety.com\/en\/wp-json\/wp\/v2\/pages\/243\/revisions\/1369"}],"wp:attachment":[{"href":"https:\/\/julia-trilety.com\/en\/wp-json\/wp\/v2\/media?parent=243"}],"curies":[{"name":"wp","href":"https:\/\/api.w.org\/{rel}","templated":true}]}}